{"id":2,"date":"2019-06-16T17:24:48","date_gmt":"2019-06-16T20:24:48","guid":{"rendered":"http:\/\/localhost\/avenida\/site\/?page_id=2"},"modified":"2026-03-24T11:03:49","modified_gmt":"2026-03-24T14:03:49","slug":"tabela-de-preco-2","status":"publish","type":"page","link":"https:\/\/www.hotelavenidavitoria.com.br\/novo\/tabela-de-preco-2\/","title":{"rendered":"Tabela de Pre\u00e7o"},"content":{"rendered":"\n<p> Estamos prontos para atend\u00ea-lo!&nbsp;Nossa miss\u00e3o \u00e9 oferecer atendimento de qualidade para nossos hospedes. <strong>Escolha a melhor op\u00e7\u00e3o e fa\u00e7a sua reserva.<\/strong> <\/p>\n\n\n\n<p><\/p>\n\n\n\n<blockquote class=\"wp-block-quote\"><table border=\"0\">\n<tbody>\n<tr>\n<td style=\"background-color: #ffde00; border: 1px solid #cccccc;\"><strong>APARTAMENTOS<\/strong><\/td>\n<td style=\"background-color: #ffde00; border: 1px solid #cccccc; text-align: center;\"><strong>1 pessoa<\/strong><\/td>\n<td style=\"background-color: #ffde00; border: 1px solid #cccccc; text-align: center;\"><strong>2 pessoas<\/strong><\/td>\n<td style=\"background-color: #ffde00; border: 1px solid #cccccc; text-align: center;\"><strong>3 pessoas<\/strong><\/td>\n<\/tr>\n<tr>\n<td style=\"border: 1px solid #cccccc; background-color: #ececec;\">Apartamento com ar condicionado e frigobar<\/td>\n<td style=\"border: 1px solid #cccccc; background-color: #ececec; text-align: center;\">R$ 128,00<\/td>\n<td style=\"border: 1px solid #cccccc; background-color: #ececec; text-align: center;\">R$ 175,00<\/td>\n<td style=\"border: 1px solid #cccccc; background-color: #ececec; text-align: center;\">R$ 265,00<\/td>\n<\/tr>\n<tr>\n<td style=\"border: 1px solid #cccccc; background-color: #ececec;\">Apartamento com ventilador<\/td>\n<td style=\"border: 1px solid #cccccc; background-color: #ececec; text-align: center;\">R$ 112,00<\/td>\n<td style=\"border: 1px solid #cccccc; background-color: #ececec; text-align: center;\">R$ 165,00<\/td>\n<td style=\"border: 1px solid #cccccc; background-color: #ececec; text-align: center;\">R$ 245,00<\/td>\n<\/tr>\n<tr>\n<td style=\"border: 1px solid #cccccc; background-color: #ececec;\">Apartamento de casal com ar condicionado<\/td>\n<td style=\"border: 1px solid #cccccc; background-color: #ececec; text-align: center;\">R$ 175,00<\/td>\n<td style=\"border: 1px solid #cccccc; background-color: #ececec; text-align: center;\">&#8212;&#8212;<\/td>\n<td style=\"border: 1px solid #cccccc; background-color: #ececec; text-align: center;\">&#8212;&#8212;<\/td>\n<\/tr>\n<tr>\n<td style=\"border: 1px solid #cccccc; background-color: #ececec;\">Apartamento de casal com ventilador<\/td>\n<td style=\"border: 1px solid #cccccc; background-color: #ececec; text-align: center;\">R$ 165,00<\/td>\n<td style=\"border: 1px solid #cccccc; background-color: #ececec; text-align: center;\">&#8212;&#8212;<\/td>\n<td style=\"border: 1px solid #cccccc; background-color: #ececec; text-align: center;\">&#8212;&#8212;<\/td>\n<\/tr>\n<tr>\n<td style=\"border: 1px solid #cccccc; background-color: #ececec;\">Quarto de solteiro com ventilador<\/td>\n<td style=\"border: 1px solid #cccccc; background-color: #ececec; text-align: center;\">R$ 95,00<\/td>\n<td style=\"border: 1px solid #cccccc; background-color: #ececec; text-align: center;\">145,00<\/td>\n<td style=\"border: 1px solid #cccccc; background-color: #ececec; text-align: center;\">&#8212;&#8212;<\/td>\n<\/tr>\n<\/tbody>\n<\/table><\/blockquote>\n\n\n\n<p><\/p>\n\n\n\n<p class=\"has-text-align-center\"><strong>AS DI\u00c1RIAS VENCEM AO MEIO DIA<\/strong><br>O caf\u00e9 da manh\u00e3 \u00e9 servido no sal\u00e3o de 6:00 \u00e0s 9:00 horas.<\/p>\n\n\n\n<p class=\"has-text-align-center\">Se preferir,&nbsp;solicite a sua reserva ou consulte-nos sobre tarifas e pacotes especiais.&nbsp;<\/p>\n\n\n\n<p><\/p>\n\n\n<div class=\"wp-block-image\">\n<figure class=\"aligncenter size-large is-resized\"><a href=\"https:\/\/www.hotelavenidavitoria.com.br\/novo\/reservas\" target=\"_parent\" rel=\"noopener noreferrer\"><img decoding=\"async\" src=\"https:\/\/www.hotelavenidavitoria.com.br\/novo\/wp-content\/uploads\/2019\/06\/icone-reserva.png\" alt=\"\" style=\"width:275px;height:68px\"\/><\/a><\/figure><\/div>","protected":false},"excerpt":{"rendered":"<p>Estamos prontos para atend\u00ea-lo!&nbsp;Nossa miss\u00e3o \u00e9 oferecer atendimento de qualidade para nossos hospedes. Escolha a melhor op\u00e7\u00e3o e fa\u00e7a sua reserva. APARTAMENTOS 1 pessoa 2 pessoas 3 pessoas Apartamento com ar condicionado e frigobar R$ &#8230;<\/p>\n","protected":false},"author":2,"featured_media":0,"parent":0,"menu_order":2,"comment_status":"closed","ping_status":"closed","template":"","meta":{"footnotes":""},"class_list":["post-2","page","type-page","status-publish","hentry"],"_links":{"self":[{"href":"https:\/\/www.hotelavenidavitoria.com.br\/novo\/wp-json\/wp\/v2\/pages\/2","targetHints":{"allow":["GET"]}}],"collection":[{"href":"https:\/\/www.hotelavenidavitoria.com.br\/novo\/wp-json\/wp\/v2\/pages"}],"about":[{"href":"https:\/\/www.hotelavenidavitoria.com.br\/novo\/wp-json\/wp\/v2\/types\/page"}],"author":[{"embeddable":true,"href":"https:\/\/www.hotelavenidavitoria.com.br\/novo\/wp-json\/wp\/v2\/users\/2"}],"replies":[{"embeddable":true,"href":"https:\/\/www.hotelavenidavitoria.com.br\/novo\/wp-json\/wp\/v2\/comments?post=2"}],"version-history":[{"count":28,"href":"https:\/\/www.hotelavenidavitoria.com.br\/novo\/wp-json\/wp\/v2\/pages\/2\/revisions"}],"predecessor-version":[{"id":303,"href":"https:\/\/www.hotelavenidavitoria.com.br\/novo\/wp-json\/wp\/v2\/pages\/2\/revisions\/303"}],"wp:attachment":[{"href":"https:\/\/www.hotelavenidavitoria.com.br\/novo\/wp-json\/wp\/v2\/media?parent=2"}],"curies":[{"name":"wp","href":"https:\/\/api.w.org\/{rel}","templated":true}]}}