{"id":37,"date":"2019-06-16T21:16:45","date_gmt":"2019-06-17T00:16:45","guid":{"rendered":"http:\/\/localhost\/avenida\/site\/about\/"},"modified":"2024-12-10T19:04:39","modified_gmt":"2024-12-10T22:04:39","slug":"sobre-o-hotel","status":"publish","type":"page","link":"https:\/\/www.hotelavenidavitoria.com.br\/novo\/sobre-o-hotel\/","title":{"rendered":"Sobre o Hotel"},"content":{"rendered":"<div class=\"col-md-6 col-sm-6 col-xs-12\">\n<div data-wow-delay=\"0.4s\">\n<div>\n<div><img loading=\"lazy\" decoding=\"async\" class=\"alignnone size-medium wp-image-140\" src=\"http:\/\/localhost\/avenida\/site\/wp-content\/uploads\/2019\/06\/SAM_2162-300x225.jpg\" alt=\"\" width=\"300\" height=\"225\" srcset=\"https:\/\/www.hotelavenidavitoria.com.br\/novo\/wp-content\/uploads\/2019\/06\/SAM_2162-300x225.jpg 300w, https:\/\/www.hotelavenidavitoria.com.br\/novo\/wp-content\/uploads\/2019\/06\/SAM_2162-768x576.jpg 768w, https:\/\/www.hotelavenidavitoria.com.br\/novo\/wp-content\/uploads\/2019\/06\/SAM_2162.jpg 800w\" sizes=\"auto, (max-width: 300px) 100vw, 300px\" \/><\/div>\n<\/div>\n<\/div>\n<div><img loading=\"lazy\" decoding=\"async\" class=\"alignnone size-medium wp-image-116\" src=\"http:\/\/localhost\/avenida\/site\/wp-content\/uploads\/2019\/06\/SAM_2219-300x225.jpg\" alt=\"\" width=\"300\" height=\"225\" srcset=\"https:\/\/www.hotelavenidavitoria.com.br\/novo\/wp-content\/uploads\/2019\/06\/SAM_2219-300x225.jpg 300w, https:\/\/www.hotelavenidavitoria.com.br\/novo\/wp-content\/uploads\/2019\/06\/SAM_2219-768x576.jpg 768w, https:\/\/www.hotelavenidavitoria.com.br\/novo\/wp-content\/uploads\/2019\/06\/SAM_2219.jpg 800w\" sizes=\"auto, (max-width: 300px) 100vw, 300px\" \/><img loading=\"lazy\" decoding=\"async\" class=\"alignnone size-medium wp-image-127\" src=\"http:\/\/localhost\/avenida\/site\/wp-content\/uploads\/2019\/06\/DSC08906-300x225.jpg\" alt=\"\" width=\"300\" height=\"225\" srcset=\"https:\/\/www.hotelavenidavitoria.com.br\/novo\/wp-content\/uploads\/2019\/06\/DSC08906-300x225.jpg 300w, https:\/\/www.hotelavenidavitoria.com.br\/novo\/wp-content\/uploads\/2019\/06\/DSC08906-768x576.jpg 768w, https:\/\/www.hotelavenidavitoria.com.br\/novo\/wp-content\/uploads\/2019\/06\/DSC08906.jpg 800w\" sizes=\"auto, (max-width: 300px) 100vw, 300px\" \/><\/div>\n<\/div>\n<div class=\"col-md-6 col-sm-6 col-xs-12 wow fadeInDown animated animated animated animated animated\" style=\"visibility: visible; animation-delay: 0.4s; animation-name: fadeInDown;\" data-wow-delay=\"0.4s\">\nO Hotel Avenida \u00e9 uma empresa tradicional de Vit\u00f3ria, com ambiente agrad\u00e1vel e familiar. Oferecemos tamb\u00e9m internet Wi-fi liberada para todos que se hospedam conosco.<\/p>\n<p>Fundado em 11 de junho de 1970, o hotel j\u00e1 passou por v\u00e1rias reformas para se adequar \u00e0s necessidades dos h\u00f3spedes. O Hotel Avenida ainda se destaca pelo atendimento de qualidade, excelente ventila\u00e7\u00e3o, elevados padr\u00f5es de higiene, excelente localiza\u00e7\u00e3o, seguran\u00e7a 24 horas e c\u00e2meras de vigil\u00e2ncia.<\/p>\n<p>Dentre as vantagens de se hospedar aqui, est\u00e3o os servi\u00e7os de quarto, caf\u00e9 da manh\u00e3 variado e parceria com restaurantes e pizzarias que entregam no hotel.<\/p>\n<p>Temos prazer em trabalhar para que nossos h\u00f3spedes aproveitem a cidade com conforto e descanso.<\/p>\n<p><strong>MISS\u00c3O: <\/strong>oferecer atendimento de qualidade e conforto para os h\u00f3spedes.<\/p>\n<p><strong>VALORES: <\/strong>honestidade, transpar\u00eancia e satisfa\u00e7\u00e3o dos clientes.<\/p>\n<\/div>\n","protected":false},"excerpt":{"rendered":"<p>O Hotel Avenida \u00e9 uma empresa tradicional de Vit\u00f3ria, com ambiente agrad\u00e1vel e familiar. Oferecemos tamb\u00e9m internet Wi-fi liberada para todos que se hospedam conosco. Fundado em 11 de junho de 1970, o hotel j\u00e1 &#8230;<\/p>\n","protected":false},"author":2,"featured_media":0,"parent":0,"menu_order":1,"comment_status":"closed","ping_status":"closed","template":"","meta":{"footnotes":""},"class_list":["post-37","page","type-page","status-publish","hentry"],"_links":{"self":[{"href":"https:\/\/www.hotelavenidavitoria.com.br\/novo\/wp-json\/wp\/v2\/pages\/37","targetHints":{"allow":["GET"]}}],"collection":[{"href":"https:\/\/www.hotelavenidavitoria.com.br\/novo\/wp-json\/wp\/v2\/pages"}],"about":[{"href":"https:\/\/www.hotelavenidavitoria.com.br\/novo\/wp-json\/wp\/v2\/types\/page"}],"author":[{"embeddable":true,"href":"https:\/\/www.hotelavenidavitoria.com.br\/novo\/wp-json\/wp\/v2\/users\/2"}],"replies":[{"embeddable":true,"href":"https:\/\/www.hotelavenidavitoria.com.br\/novo\/wp-json\/wp\/v2\/comments?post=37"}],"version-history":[{"count":10,"href":"https:\/\/www.hotelavenidavitoria.com.br\/novo\/wp-json\/wp\/v2\/pages\/37\/revisions"}],"predecessor-version":[{"id":218,"href":"https:\/\/www.hotelavenidavitoria.com.br\/novo\/wp-json\/wp\/v2\/pages\/37\/revisions\/218"}],"wp:attachment":[{"href":"https:\/\/www.hotelavenidavitoria.com.br\/novo\/wp-json\/wp\/v2\/media?parent=37"}],"curies":[{"name":"wp","href":"https:\/\/api.w.org\/{rel}","templated":true}]}}