{"id":5,"date":"2019-06-17T17:37:30","date_gmt":"2019-06-17T20:37:30","guid":{"rendered":"http:\/\/localhost\/avenida\/site\/?page_id=5"},"modified":"2026-03-24T11:07:55","modified_gmt":"2026-03-24T14:07:55","slug":"home","status":"publish","type":"page","link":"https:\/\/www.hotelavenidavitoria.com.br\/novo\/","title":{"rendered":""},"content":{"rendered":"<div class=\"n2-section-smartslider fitvidsignore \" data-ssid=\"1\" tabindex=\"0\" role=\"region\" aria-label=\"Slider\"><div class=\"n2-ss-margin\" style=\"margin: -20px 0px 0px 0px;\"><div id=\"n2-ss-1-align\" class=\"n2-ss-align\"><div class=\"n2-padding\"><div id=\"n2-ss-1\" data-creator=\"Smart Slider 3\" data-responsive=\"auto\" class=\"n2-ss-slider n2-ow n2-has-hover n2notransition  \">\n\n\n\n\n\n<div class=\"n2-ss-slider-wrapper-outside\" style=\"grid-template-rows:1fr auto\"><div class=\"n2-ss-slider-wrapper-inside\">\n        <div class=\"n2-ss-slider-1 n2_ss__touch_element n2-ow\">\n            <div class=\"n2-ss-slider-2 n2-ow\">\n                                                <div class=\"n2-ss-slider-3 n2-ow\">\n\n                    <div class=\"n2-ss-slide-backgrounds n2-ow-all\"><div class=\"n2-ss-slide-background\" data-public-id=\"1\" data-mode=\"fill\"><div class=\"n2-ss-slide-background-image\" data-blur=\"0\" data-opacity=\"100\" data-x=\"50\" data-y=\"50\" data-alt=\"\" data-title=\"\"><picture class=\"skip-lazy\" data-skip-lazy=\"1\"><img decoding=\"async\" src=\"\/\/www.hotelavenidavitoria.com.br\/novo\/wp-content\/uploads\/2019\/06\/viagem-espirito-santo-vitoria.jpg\" alt=\"\" title=\"\" loading=\"lazy\" class=\"skip-lazy\" data-skip-lazy=\"1\"><\/picture><\/div><div data-color=\"RGBA(255,255,255,0)\" style=\"background-color: RGBA(255,255,255,0);\" class=\"n2-ss-slide-background-color\"><\/div><\/div><div class=\"n2-ss-slide-background\" data-public-id=\"2\" data-mode=\"fill\" aria-hidden=\"true\"><div class=\"n2-ss-slide-background-image\" data-blur=\"0\" data-opacity=\"100\" data-x=\"50\" data-y=\"50\" data-alt=\"\" data-title=\"\"><picture class=\"skip-lazy\" data-skip-lazy=\"1\"><img decoding=\"async\" src=\"\/\/www.hotelavenidavitoria.com.br\/novo\/wp-content\/uploads\/2019\/06\/Vitoria-es-1024x575.jpg\" alt=\"\" title=\"\" loading=\"lazy\" class=\"skip-lazy\" data-skip-lazy=\"1\"><\/picture><\/div><div data-color=\"RGBA(255,255,255,0)\" style=\"background-color: RGBA(255,255,255,0);\" class=\"n2-ss-slide-background-color\"><\/div><\/div><div class=\"n2-ss-slide-background\" data-public-id=\"3\" data-mode=\"fill\" aria-hidden=\"true\"><div class=\"n2-ss-slide-background-image\" data-blur=\"0\" data-opacity=\"100\" data-x=\"50\" data-y=\"50\" data-alt=\"\" data-title=\"\"><picture class=\"skip-lazy\" data-skip-lazy=\"1\"><img decoding=\"async\" src=\"\/\/www.hotelavenidavitoria.com.br\/novo\/wp-content\/uploads\/2019\/06\/es-unidade1.jpg\" alt=\"\" title=\"\" loading=\"lazy\" class=\"skip-lazy\" data-skip-lazy=\"1\"><\/picture><\/div><div data-color=\"RGBA(255,255,255,0)\" style=\"background-color: RGBA(255,255,255,0);\" class=\"n2-ss-slide-background-color\"><\/div><\/div><\/div>                    <div class=\"n2-ss-slider-4 n2-ow\">\n                        <svg xmlns=\"http:\/\/www.w3.org\/2000\/svg\" viewBox=\"0 0 1200 600\" data-related-device=\"desktopPortrait\" class=\"n2-ow n2-ss-preserve-size n2-ss-preserve-size--slider n2-ss-slide-limiter\"><\/svg><div data-first=\"1\" data-slide-duration=\"0\" data-id=\"2\" data-slide-public-id=\"1\" data-title=\"Ilha do Frade\" class=\"n2-ss-slide n2-ow  n2-ss-slide-2\"><div role=\"note\" class=\"n2-ss-slide--focus\" tabindex=\"-1\">Ilha do Frade<\/div><div class=\"n2-ss-layers-container n2-ss-slide-limiter n2-ow\"><div class=\"n2-ss-layer n2-ow n-uc-ePy6DHdEaShh\" data-sstype=\"slide\" data-pm=\"default\"><div class=\"n2-ss-layer n2-ow n-uc-ArUKPgWwPfr2\" data-pm=\"default\" data-sstype=\"content\" data-hasbackground=\"0\"><div class=\"n2-ss-section-main-content n2-ss-layer-with-background n2-ss-layer-content n2-ow n-uc-ArUKPgWwPfr2-inner\"><div class=\"n2-ss-layer n2-ow n-uc-jfU7L1UdL3yo\" data-pm=\"normal\" data-hidedesktopportrait=\"1\" data-hidemobileportrait=\"1\" data-sstype=\"layer\"><div class=\" n2-ss-item-image-content n2-ss-item-content n2-ow-all\"><img loading=\"lazy\" decoding=\"async\" id=\"n2-ss-1item1\" alt=\"\" class=\"skip-lazy\" width=\"800\" height=\"500\" data-skip-lazy=\"1\" src=\"\/\/www.hotelavenidavitoria.com.br\/novo\/wp-content\/plugins\/smart-slider-3\/Public\/SmartSlider3\/Application\/Frontend\/Assets\/images\/placeholder\/image.png\" \/><\/div><\/div><div class=\"n2-ss-layer n2-ow n-uc-jzJtcTncaQjH\" data-pm=\"normal\" data-sstype=\"layer\"><div class=\" n2-ss-item-image-content n2-ss-item-content n2-ow-all\"><img loading=\"lazy\" decoding=\"async\" id=\"n2-ss-1item2\" alt=\"\" class=\"skip-lazy\" width=\"285\" height=\"234\" data-skip-lazy=\"1\" src=\"\/\/www.hotelavenidavitoria.com.br\/novo\/wp-content\/uploads\/2019\/06\/wifi.png\" \/><\/div><\/div><div class=\"n2-ss-layer n2-ow n-uc-3sfPipOAqjM1 n2-ss-layer--auto\" data-pm=\"normal\" data-sstype=\"layer\"><h2 id=\"n2-ss-1item3\" class=\"n2-font-c4029ef2da27558b2269845ed3a9c1fa-hover n2-style-a0af177082ddcd8be736b701cce13f4a-heading   n2-ss-item-content n2-ss-text n2-ow\" style=\"display:inline-block;\">Capital do Estado<\/h2><\/div><div class=\"n2-ss-layer n2-ow n-uc-r3yS1MR9crFG n2-ss-layer--auto\" data-pm=\"normal\" data-sstype=\"layer\"><h2 id=\"n2-ss-1item4\" class=\"n2-font-9087b992e06e2597dab65e76f6f5bd7a-hover n2-style-f6284fa27d6d92da51afcb20758a6d74-heading   n2-ss-item-content n2-ss-text n2-ow\" style=\"display:inline-block;white-space:nowrap;\">Voc\u00ea vai se encantar com as belezas da nossa cidade<\/h2><\/div><\/div><\/div><\/div><\/div><img decoding=\"async\" loading=\"lazy\" class=\"n2-ss-slide-thumbnail skip-lazy\" data-skip-lazy=\"1\" src=\"https:\/\/www.hotelavenidavitoria.com.br\/novo\/wp-content\/uploads\/slider\/cache\/acea76841ff743a44d7de02ffcbcb292\/viagem-espirito-santo-vitoria.jpg\" alt=\"Ilha do Frade\"><\/div><div data-slide-duration=\"0\" data-id=\"11\" data-slide-public-id=\"2\" aria-hidden=\"true\" data-title=\"Vit\u00f3ria\" class=\"n2-ss-slide n2-ow  n2-ss-slide-11\"><div role=\"note\" class=\"n2-ss-slide--focus\" tabindex=\"-1\">Vit\u00f3ria<\/div><div class=\"n2-ss-layers-container n2-ss-slide-limiter n2-ow\"><div class=\"n2-ss-layer n2-ow n-uc-sCJ8dSsC0CjV\" data-sstype=\"slide\" data-pm=\"default\"><div class=\"n2-ss-layer n2-ow n-uc-cTWm6At9rELd\" data-pm=\"default\" data-sstype=\"content\" data-hasbackground=\"0\"><div class=\"n2-ss-section-main-content n2-ss-layer-with-background n2-ss-layer-content n2-ow n-uc-cTWm6At9rELd-inner\"><div class=\"n2-ss-layer n2-ow n-uc-PcdnjIOpzZ0r\" data-pm=\"normal\" data-sstype=\"layer\"><div class=\" n2-ss-item-image-content n2-ss-item-content n2-ow-all\"><img decoding=\"async\" id=\"n2-ss-1item5\" alt=\"\" class=\"skip-lazy\" loading=\"lazy\" width=\"285\" height=\"234\" data-skip-lazy=\"1\" src=\"\/\/www.hotelavenidavitoria.com.br\/novo\/wp-content\/uploads\/2019\/06\/wifi.png\" \/><\/div><\/div><div class=\"n2-ss-layer n2-ow n-uc-iu8Sy938PxZ7 n2-ss-layer--auto\" data-pm=\"normal\" data-sstype=\"layer\"><h2 id=\"n2-ss-1item6\" class=\"n2-font-c4029ef2da27558b2269845ed3a9c1fa-hover n2-style-a0af177082ddcd8be736b701cce13f4a-heading   n2-ss-item-content n2-ss-text n2-ow\" style=\"display:inline-block;\">Local privilegiado<\/h2><\/div><div class=\"n2-ss-layer n2-ow n-uc-xjBfhiUOY3Lz n2-ss-layer--auto\" data-pm=\"normal\" data-sstype=\"layer\"><h2 id=\"n2-ss-1item7\" class=\"n2-font-9087b992e06e2597dab65e76f6f5bd7a-hover n2-style-f6284fa27d6d92da51afcb20758a6d74-heading   n2-ss-item-content n2-ss-text n2-ow\" style=\"display:inline-block;white-space:nowrap;\">Excelente Localiza\u00e7\u00e3o no Cora\u00e7\u00e3o de Vit\u00f3ria<\/h2><\/div><\/div><\/div><\/div><\/div><img decoding=\"async\" loading=\"lazy\" class=\"n2-ss-slide-thumbnail skip-lazy\" data-skip-lazy=\"1\" src=\"https:\/\/www.hotelavenidavitoria.com.br\/novo\/wp-content\/uploads\/slider\/cache\/9bfed3bfe6de67751c76b0d2e96e1a9f\/Vitoria-es-1024x575.jpg\" alt=\"Vit\u00f3ria\"><\/div><div data-slide-duration=\"0\" data-id=\"3\" data-slide-public-id=\"3\" aria-hidden=\"true\" data-title=\"3\u00aa ponte\" class=\"n2-ss-slide n2-ow  n2-ss-slide-3\"><div role=\"note\" class=\"n2-ss-slide--focus\" tabindex=\"-1\">3\u00aa ponte<\/div><div class=\"n2-ss-layers-container n2-ss-slide-limiter n2-ow\"><div class=\"n2-ss-layer n2-ow n-uc-XAHNFuasyzzk\" data-sstype=\"slide\" data-pm=\"default\"><div class=\"n2-ss-layer n2-ow n-uc-xcvRb1E6gfxw\" data-pm=\"default\" data-sstype=\"content\" data-hasbackground=\"0\"><div class=\"n2-ss-section-main-content n2-ss-layer-with-background n2-ss-layer-content n2-ow n-uc-xcvRb1E6gfxw-inner\"><div class=\"n2-ss-layer n2-ow n-uc-C9xOFrQ7GSZR\" data-pm=\"normal\" data-sstype=\"layer\"><div class=\" n2-ss-item-image-content n2-ss-item-content n2-ow-all\"><img decoding=\"async\" id=\"n2-ss-1item8\" alt=\"\" class=\"skip-lazy\" loading=\"lazy\" width=\"285\" height=\"234\" data-skip-lazy=\"1\" src=\"\/\/www.hotelavenidavitoria.com.br\/novo\/wp-content\/uploads\/2019\/06\/wifi-1.png\" \/><\/div><\/div><div class=\"n2-ss-layer n2-ow n-uc-3hQn1n4T0lOn n2-ss-layer--auto\" data-pm=\"normal\" data-sstype=\"layer\"><h2 id=\"n2-ss-1item9\" class=\"n2-font-c4029ef2da27558b2269845ed3a9c1fa-hover n2-style-a0af177082ddcd8be736b701cce13f4a-heading   n2-ss-item-content n2-ss-text n2-ow\" style=\"display:inline-block;\">Turismo ou Trabalho<\/h2><\/div><div class=\"n2-ss-layer n2-ow n-uc-zQAu07SYli9I n2-ss-layer--auto\" data-pm=\"normal\" data-sstype=\"layer\"><h2 id=\"n2-ss-1item10\" class=\"n2-font-9087b992e06e2597dab65e76f6f5bd7a-hover n2-style-f6284fa27d6d92da51afcb20758a6d74-heading   n2-ss-item-content n2-ss-text n2-ow\" style=\"display:inline-block;\">Aqui voc\u00ea est\u00e1 perto de tudo<\/h2><\/div><\/div><\/div><\/div><\/div><img decoding=\"async\" loading=\"lazy\" class=\"n2-ss-slide-thumbnail skip-lazy\" data-skip-lazy=\"1\" src=\"https:\/\/www.hotelavenidavitoria.com.br\/novo\/wp-content\/uploads\/slider\/cache\/c67cc427118324400ef5261d06536afd\/es-unidade1.jpg\" alt=\"3\u00aa ponte\"><\/div>                    <\/div>\n\n                                    <\/div>\n            <\/div>\n        <\/div>\n        <div class=\"n2-ss-slider-controls n2-ss-slider-controls-absolute-left-center\"><div style=\"--widget-offset:15px;\" class=\"n2-ss-widget nextend-arrow n2-ow-all nextend-arrow-previous  nextend-arrow-animated-fade\" data-hide-mobileportrait=\"1\" id=\"n2-ss-1-arrow-previous\" role=\"button\" aria-label=\"previous arrow\" tabindex=\"0\"><img loading=\"lazy\" decoding=\"async\" width=\"32\" height=\"32\" class=\"skip-lazy\" data-skip-lazy=\"1\" src=\"data:image\/svg+xml;base64,PHN2ZyB3aWR0aD0iMzIiIGhlaWdodD0iMzIiIHZpZXdCb3g9IjAgMCAzMiAzMiIgeG1sbnM9Imh0dHA6Ly93d3cudzMub3JnLzIwMDAvc3ZnIj4KICAgIDxwYXRoIGQ9Ik0xMS40MzMgMTUuOTkyTDIyLjY5IDUuNzEyYy4zOTMtLjM5LjM5My0xLjAzIDAtMS40Mi0uMzkzLS4zOS0xLjAzLS4zOS0xLjQyMyAwbC0xMS45OCAxMC45NGMtLjIxLjIxLS4zLjQ5LS4yODUuNzYtLjAxNS4yOC4wNzUuNTYuMjg0Ljc3bDExLjk4IDEwLjk0Yy4zOTMuMzkgMS4wMy4zOSAxLjQyNCAwIC4zOTMtLjQuMzkzLTEuMDMgMC0xLjQybC0xMS4yNTctMTAuMjkiCiAgICAgICAgICBmaWxsPSIjZmZmZmZmIiBvcGFjaXR5PSIwLjgiIGZpbGwtcnVsZT0iZXZlbm9kZCIvPgo8L3N2Zz4=\" alt=\"previous arrow\"><\/div><\/div><div class=\"n2-ss-slider-controls n2-ss-slider-controls-absolute-right-center\"><div style=\"--widget-offset:15px;\" class=\"n2-ss-widget nextend-arrow n2-ow-all nextend-arrow-next  nextend-arrow-animated-fade\" data-hide-mobileportrait=\"1\" id=\"n2-ss-1-arrow-next\" role=\"button\" aria-label=\"next arrow\" tabindex=\"0\"><img loading=\"lazy\" decoding=\"async\" width=\"32\" height=\"32\" class=\"skip-lazy\" data-skip-lazy=\"1\" src=\"data:image\/svg+xml;base64,PHN2ZyB3aWR0aD0iMzIiIGhlaWdodD0iMzIiIHZpZXdCb3g9IjAgMCAzMiAzMiIgeG1sbnM9Imh0dHA6Ly93d3cudzMub3JnLzIwMDAvc3ZnIj4KICAgIDxwYXRoIGQ9Ik0xMC43MjIgNC4yOTNjLS4zOTQtLjM5LTEuMDMyLS4zOS0xLjQyNyAwLS4zOTMuMzktLjM5MyAxLjAzIDAgMS40MmwxMS4yODMgMTAuMjgtMTEuMjgzIDEwLjI5Yy0uMzkzLjM5LS4zOTMgMS4wMiAwIDEuNDIuMzk1LjM5IDEuMDMzLjM5IDEuNDI3IDBsMTIuMDA3LTEwLjk0Yy4yMS0uMjEuMy0uNDkuMjg0LS43Ny4wMTQtLjI3LS4wNzYtLjU1LS4yODYtLjc2TDEwLjcyIDQuMjkzeiIKICAgICAgICAgIGZpbGw9IiNmZmZmZmYiIG9wYWNpdHk9IjAuOCIgZmlsbC1ydWxlPSJldmVub2RkIi8+Cjwvc3ZnPg==\" alt=\"next arrow\"><\/div><\/div><\/div><div class=\"n2-ss-slider-controls n2-ss-slider-controls-below\"><div style=\"--widget-offset:10px;\" class=\"n2-ss-widget n2-ss-control-bullet n2-ow-all n2-ss-control-bullet-horizontal\"><div class=\" nextend-bullet-bar n2-bar-justify-content-center\" role=\"group\" aria-label=\"Choose slide to display.\"><div class=\"n2-bullet n2-style-98b890a69860771f94d32019bd5202d1-dot \" style=\"visibility:hidden;\"><\/div><\/div><\/div><div class=\"n2-ss-widget nextend-shadow n2-ow-all\" data-hide-mobileportrait=\"1\"><img decoding=\"async\" width=\"1120\" height=\"50\" style=\"display: block; width:100%;max-width:none;\" class=\"nextend-shadow-image skip-lazy\" loading=\"lazy\" data-skip-lazy=\"1\" src=\"https:\/\/www.hotelavenidavitoria.com.br\/novo\/wp-content\/plugins\/smart-slider-3\/Public\/SmartSlider3\/Widget\/Shadow\/ShadowImage\/Assets\/shadow\/centered.png\" alt=\"Shadow\"><\/div><\/div><\/div><\/div><ss3-loader><\/ss3-loader><\/div><\/div><div class=\"n2_clear\"><\/div><\/div><\/div>\n\n\n<table class=\"wp-block-table aligncenter\" style=\"width: 100%;\">\n<tbody>\n<tr>\n<td>\n<a href=\"https:\/\/www.hotelavenidavitoria.com.br\/novo\/reservas\" target=\"_parent\" rel=\"noopener noreferrer\"> <img loading=\"lazy\" decoding=\"async\" width=\"355\" height=\"229\" class=\"wp-image-57\" style=\"width: 355px;\" src=\"https:\/\/www.hotelavenidavitoria.com.br\/novo\/wp-content\/uploads\/2019\/06\/topbox-1.jpg\" alt=\"\" srcset=\"https:\/\/www.hotelavenidavitoria.com.br\/novo\/wp-content\/uploads\/2019\/06\/topbox-1.jpg 310w, https:\/\/www.hotelavenidavitoria.com.br\/novo\/wp-content\/uploads\/2019\/06\/topbox-1-300x194.jpg 300w\" sizes=\"auto, (max-width: 355px) 100vw, 355px\" \/><\/a>\n<\/td>\n<td>\n<a href=\"https:\/\/www.hotelavenidavitoria.com.br\/novo\/sobre-o-hotel\" target=\"_parent\" rel=\"noopener noreferrer\"> <img loading=\"lazy\" decoding=\"async\" width=\"355\" height=\"229\" class=\"wp-image-58\" style=\"width: 355px;\" src=\"https:\/\/www.hotelavenidavitoria.com.br\/novo\/wp-content\/uploads\/2019\/06\/topbox-2.jpg\" alt=\"\" srcset=\"https:\/\/www.hotelavenidavitoria.com.br\/novo\/wp-content\/uploads\/2019\/06\/topbox-2.jpg 310w, https:\/\/www.hotelavenidavitoria.com.br\/novo\/wp-content\/uploads\/2019\/06\/topbox-2-300x194.jpg 300w\" sizes=\"auto, (max-width: 355px) 100vw, 355px\" \/><\/a>\n<\/td>\n<td>\n<a href=\"https:\/\/www.hotelavenidavitoria.com.br\/novo\/tabela-de-preco\" target=\"_parent\" rel=\"noopener noreferrer\"> <img loading=\"lazy\" decoding=\"async\" width=\"355\" height=\"229\" class=\"wp-image-59\" style=\"width: 355px;\" src=\"https:\/\/www.hotelavenidavitoria.com.br\/novo\/wp-content\/uploads\/2019\/06\/topbox-3.jpg\" alt=\"\" srcset=\"https:\/\/www.hotelavenidavitoria.com.br\/novo\/wp-content\/uploads\/2019\/06\/topbox-3.jpg 310w, https:\/\/www.hotelavenidavitoria.com.br\/novo\/wp-content\/uploads\/2019\/06\/topbox-3-300x194.jpg 300w\" sizes=\"auto, (max-width: 355px) 100vw, 355px\" \/><\/a>\n<\/td>\n<\/tr>\n<\/tbody>\n<\/table>\n\n\n\n\n\n<p><\/p>\n","protected":false},"excerpt":{"rendered":"","protected":false},"author":2,"featured_media":0,"parent":0,"menu_order":0,"comment_status":"closed","ping_status":"closed","template":"template\/page-fullwidth.php","meta":{"footnotes":""},"class_list":["post-5","page","type-page","status-publish","hentry"],"_links":{"self":[{"href":"https:\/\/www.hotelavenidavitoria.com.br\/novo\/wp-json\/wp\/v2\/pages\/5","targetHints":{"allow":["GET"]}}],"collection":[{"href":"https:\/\/www.hotelavenidavitoria.com.br\/novo\/wp-json\/wp\/v2\/pages"}],"about":[{"href":"https:\/\/www.hotelavenidavitoria.com.br\/novo\/wp-json\/wp\/v2\/types\/page"}],"author":[{"embeddable":true,"href":"https:\/\/www.hotelavenidavitoria.com.br\/novo\/wp-json\/wp\/v2\/users\/2"}],"replies":[{"embeddable":true,"href":"https:\/\/www.hotelavenidavitoria.com.br\/novo\/wp-json\/wp\/v2\/comments?post=5"}],"version-history":[{"count":36,"href":"https:\/\/www.hotelavenidavitoria.com.br\/novo\/wp-json\/wp\/v2\/pages\/5\/revisions"}],"predecessor-version":[{"id":268,"href":"https:\/\/www.hotelavenidavitoria.com.br\/novo\/wp-json\/wp\/v2\/pages\/5\/revisions\/268"}],"wp:attachment":[{"href":"https:\/\/www.hotelavenidavitoria.com.br\/novo\/wp-json\/wp\/v2\/media?parent=5"}],"curies":[{"name":"wp","href":"https:\/\/api.w.org\/{rel}","templated":true}]}}